{"id":2818,"date":"2024-06-07T13:34:43","date_gmt":"2024-06-07T13:34:43","guid":{"rendered":"http:\/\/localhost\/techlab\/?page_id=2818"},"modified":"2026-04-02T15:26:43","modified_gmt":"2026-04-02T13:26:43","slug":"our-services","status":"publish","type":"page","link":"https:\/\/refonte.valanotech.com\/en\/our-services\/","title":{"rendered":"Nos Services"},"content":{"rendered":"<div data-elementor-type=\"wp-page\" data-elementor-id=\"2818\" class=\"elementor elementor-2818\" data-elementor-post-type=\"page\">\n\t\t\t\t<div class=\"elementor-element elementor-element-dfe7721 e-con-full e-flex e-con e-parent\" data-id=\"dfe7721\" data-element_type=\"container\" data-e-type=\"container\">\n\t\t\t\t<div class=\"elementor-element elementor-element-21cc92f elementor-widget elementor-widget-service-post\" data-id=\"21cc92f\" data-element_type=\"widget\" data-e-type=\"widget\" data-widget_type=\"service-post.default\">\n\t\t\t\t<div class=\"elementor-widget-container\">\n\t\t\t\t\t\r\n        \r\n                <!-- Start Services One -->\r\n        <div class=\"services-one pdt0\">\r\n            <div class=\"container\">\r\n                <div class=\"row justify-content-center\">\r\n                    <!--Start Services One Single -->\r\n                                         \r\n                    <div class=\"col-lg-4 col-md-6 col-sm-12 wow animated fadeInUp\" data-wow-delay=\"0.1s\">\r\n                        <div class=\"services-one__single\">\r\n                            <div class=\"services-one__single-title\">\r\n                                                                <h3><a href=\"https:\/\/refonte.valanotech.com\/en\/services\/ia-data-engineering\/\">IA &amp; Data Engineering<\/a><\/h3>\r\n                            <\/div>\r\n                            <div class=\"services-one__single-content\">\r\n                                                                    <p>Optimisez votre business avec nos solutions IA &amp; Data Engineering. Analyse pr\u00e9dictive, automatisation intelligente<\/p>\r\n                                                                    <div class=\"btn-box\">\r\n                                        <a class=\"button-style-2 service-button\" href=\"https:\/\/refonte.valanotech.com\/en\/services\/ia-data-engineering\/\">\r\n                                            Read More                                            <i aria-hidden=\"true\" class=\"tp icon-plus\"><\/i>                                        <\/a>\r\n                                    <\/div>\r\n                                                            <\/div>\r\n                        <\/div>\r\n                    <\/div>\r\n                    <!--End Services One Single -->\r\n                                        \r\n                    <div class=\"col-lg-4 col-md-6 col-sm-12 wow animated fadeInUp\" data-wow-delay=\"0.1s\">\r\n                        <div class=\"services-one__single\">\r\n                            <div class=\"services-one__single-title\">\r\n                                                                <h3><a href=\"https:\/\/refonte.valanotech.com\/en\/services\/creation-landing-page\/\">Cr\u00e9ation Landing page<\/a><\/h3>\r\n                            <\/div>\r\n                            <div class=\"services-one__single-content\">\r\n                                                                    <p>Cr\u00e9ez une landing page ultra efficace avec notre forfait one-shot. Design pro, contenu optimis\u00e9,<\/p>\r\n                                                                    <div class=\"btn-box\">\r\n                                        <a class=\"button-style-2 service-button\" href=\"https:\/\/refonte.valanotech.com\/en\/services\/creation-landing-page\/\">\r\n                                            Read More                                            <i aria-hidden=\"true\" class=\"tp icon-plus\"><\/i>                                        <\/a>\r\n                                    <\/div>\r\n                                                            <\/div>\r\n                        <\/div>\r\n                    <\/div>\r\n                    <!--End Services One Single -->\r\n                                        \r\n                    <div class=\"col-lg-4 col-md-6 col-sm-12 wow animated fadeInUp\" data-wow-delay=\"0.1s\">\r\n                        <div class=\"services-one__single\">\r\n                            <div class=\"services-one__single-title\">\r\n                                                                <h3><a href=\"https:\/\/refonte.valanotech.com\/en\/services\/plateforme-et-outils-sur-mesure\/\">Solutions sur mesure &amp; outils personnalis\u00e9s<\/a><\/h3>\r\n                            <\/div>\r\n                            <div class=\"services-one__single-content\">\r\n                                                                    <p>Solutions web et outils m\u00e9tiers sur mesure con\u00e7us pour optimiser et d\u00e9velopper votre activit\u00e9.<\/p>\r\n                                                                    <div class=\"btn-box\">\r\n                                        <a class=\"button-style-2 service-button\" href=\"https:\/\/refonte.valanotech.com\/en\/services\/plateforme-et-outils-sur-mesure\/\">\r\n                                            Read More                                            <i aria-hidden=\"true\" class=\"tp icon-plus\"><\/i>                                        <\/a>\r\n                                    <\/div>\r\n                                                            <\/div>\r\n                        <\/div>\r\n                    <\/div>\r\n                    <!--End Services One Single -->\r\n                                        \r\n                    <div class=\"col-lg-4 col-md-6 col-sm-12 wow animated fadeInUp\" data-wow-delay=\"0.1s\">\r\n                        <div class=\"services-one__single\">\r\n                            <div class=\"services-one__single-title\">\r\n                                                                <h3><a href=\"https:\/\/refonte.valanotech.com\/en\/services\/automatisation-n8n\/\">Automatisation n8n<\/a><\/h3>\r\n                            <\/div>\r\n                            <div class=\"services-one__single-content\">\r\n                                                                    <p>Automatisez vos t\u00e2ches avec n8n. Connectez vos outils, r\u00e9duisez les actions manuelles et gagnez<\/p>\r\n                                                                    <div class=\"btn-box\">\r\n                                        <a class=\"button-style-2 service-button\" href=\"https:\/\/refonte.valanotech.com\/en\/services\/automatisation-n8n\/\">\r\n                                            Read More                                            <i aria-hidden=\"true\" class=\"tp icon-plus\"><\/i>                                        <\/a>\r\n                                    <\/div>\r\n                                                            <\/div>\r\n                        <\/div>\r\n                    <\/div>\r\n                    <!--End Services One Single -->\r\n                                        \r\n                    <div class=\"col-lg-4 col-md-6 col-sm-12 wow animated fadeInUp\" data-wow-delay=\"0.1s\">\r\n                        <div class=\"services-one__single\">\r\n                            <div class=\"services-one__single-title\">\r\n                                                                <h3><a href=\"https:\/\/refonte.valanotech.com\/en\/services\/devops-et-cloud\/\">DevOps &amp; Cloud<\/a><\/h3>\r\n                            <\/div>\r\n                            <div class=\"services-one__single-content\">\r\n                                                                    <p>Boostez vos performances en adoptant une culture DevOps avec nos experts CI\/CD, Kubernetes, monitoring<\/p>\r\n                                                                    <div class=\"btn-box\">\r\n                                        <a class=\"button-style-2 service-button\" href=\"https:\/\/refonte.valanotech.com\/en\/services\/devops-et-cloud\/\">\r\n                                            Read More                                            <i aria-hidden=\"true\" class=\"tp icon-plus\"><\/i>                                        <\/a>\r\n                                    <\/div>\r\n                                                            <\/div>\r\n                        <\/div>\r\n                    <\/div>\r\n                    <!--End Services One Single -->\r\n                                    <\/div>\r\n            <\/div>\r\n        <\/div>\r\n        <!-- End Services One -->\r\n        \r\n        \r\n       \t\t\t\t<\/div>\n\t\t\t\t<\/div>\n\t\t\t\t<\/div>\n\t\t\t\t<\/div>","protected":false},"excerpt":{"rendered":"<p>App Swift DevOps Aliquam eros justo, posuere loborti viverra lao ullamcorper posuere viverra .Aliquam eros justo, posuere Read More Net Connect Plus Aliquam eros justo, posuere loborti viverra lao ullamcorper posuere viverra .Aliquam eros justo, posuere Read More Data Guard Sentinel Aliquam eros justo, posuere loborti viverra lao ullamcorper posuere viverra .Aliquam eros justo, posuere [&hellip;]<\/p>\n","protected":false},"author":1,"featured_media":0,"parent":0,"menu_order":0,"comment_status":"closed","ping_status":"closed","template":"elementor_header_footer","meta":{"_monsterinsights_skip_tracking":false,"_monsterinsights_sitenote_active":false,"_monsterinsights_sitenote_note":"","_monsterinsights_sitenote_category":0,"footnotes":""},"class_list":["post-2818","page","type-page","status-publish","hentry"],"aioseo_notices":[],"_links":{"self":[{"href":"https:\/\/refonte.valanotech.com\/en\/wp-json\/wp\/v2\/pages\/2818","targetHints":{"allow":["GET"]}}],"collection":[{"href":"https:\/\/refonte.valanotech.com\/en\/wp-json\/wp\/v2\/pages"}],"about":[{"href":"https:\/\/refonte.valanotech.com\/en\/wp-json\/wp\/v2\/types\/page"}],"author":[{"embeddable":true,"href":"https:\/\/refonte.valanotech.com\/en\/wp-json\/wp\/v2\/users\/1"}],"replies":[{"embeddable":true,"href":"https:\/\/refonte.valanotech.com\/en\/wp-json\/wp\/v2\/comments?post=2818"}],"version-history":[{"count":4,"href":"https:\/\/refonte.valanotech.com\/en\/wp-json\/wp\/v2\/pages\/2818\/revisions"}],"predecessor-version":[{"id":5692,"href":"https:\/\/refonte.valanotech.com\/en\/wp-json\/wp\/v2\/pages\/2818\/revisions\/5692"}],"wp:attachment":[{"href":"https:\/\/refonte.valanotech.com\/en\/wp-json\/wp\/v2\/media?parent=2818"}],"curies":[{"name":"wp","href":"https:\/\/api.w.org\/{rel}","templated":true}]}}