{"id":2709,"date":"2024-06-06T04:01:49","date_gmt":"2024-06-06T04:01:49","guid":{"rendered":"http:\/\/localhost\/techlab\/?page_id=2709"},"modified":"2026-03-06T09:00:20","modified_gmt":"2026-03-06T08:00:20","slug":"contact","status":"publish","type":"page","link":"https:\/\/refonte.valanotech.com\/en\/contact\/","title":{"rendered":"Contact"},"content":{"rendered":"<div data-elementor-type=\"wp-page\" data-elementor-id=\"2709\" class=\"elementor elementor-2709\" data-elementor-post-type=\"page\">\n\t\t\t\t<div class=\"elementor-element elementor-element-ddc522c e-flex e-con-boxed e-con e-parent\" data-id=\"ddc522c\" data-element_type=\"container\" data-e-type=\"container\">\n\t\t\t\t\t<div class=\"e-con-inner\">\n\t\t<div class=\"elementor-element elementor-element-ec46793 e-con-full e-flex e-con e-child\" data-id=\"ec46793\" data-element_type=\"container\" data-e-type=\"container\">\n\t\t\t\t<div class=\"elementor-element elementor-element-f47ba97 elementor-widget elementor-widget-tp-heading\" data-id=\"f47ba97\" data-element_type=\"widget\" data-e-type=\"widget\" data-widget_type=\"tp-heading.default\">\n\t\t\t\t<div class=\"elementor-widget-container\">\n\t\t\t\t\t\r\n        <div class=\"section-title tg-heading-subheading animation-style2\">\r\n        \t\t                    \t\t\t\t<h2 class=\"tg-element-title yes\">Parlez-nous de votre projet\t\t<\/h2>  \r\n\t\t\t        <\/div>\r\n\r\n        \t\t\t\t<\/div>\n\t\t\t\t<\/div>\n\t\t\t\t<div class=\"elementor-element elementor-element-bff1731 elementor-widget elementor-widget-home-contact\" data-id=\"bff1731\" data-element_type=\"widget\" data-e-type=\"widget\" data-widget_type=\"home-contact.default\">\n\t\t\t\t<div class=\"elementor-widget-container\">\n\t\t\t\t\t\r\n                                <div class=\"contact-page__form\">\r\n                    <div id=\"contact-form\">\r\n                        \n<div class=\"wpcf7 no-js\" id=\"wpcf7-f2711-o1\" lang=\"en-US\" dir=\"ltr\" data-wpcf7-id=\"2711\">\n<div class=\"screen-reader-response\"><p role=\"status\" aria-live=\"polite\" aria-atomic=\"true\"><\/p> <ul><\/ul><\/div>\n<form action=\"\/en\/wp-json\/wp\/v2\/pages\/2709#wpcf7-f2711-o1\" method=\"post\" class=\"wpcf7-form init\" aria-label=\"Contact form\" novalidate=\"novalidate\" data-status=\"init\" data-trp-original-action=\"\/en\/wp-json\/wp\/v2\/pages\/2709#wpcf7-f2711-o1\">\n<fieldset class=\"hidden-fields-container\"><input type=\"hidden\" name=\"_wpcf7\" value=\"2711\" \/><input type=\"hidden\" name=\"_wpcf7_version\" value=\"6.1.5\" \/><input type=\"hidden\" name=\"_wpcf7_locale\" value=\"en_US\" \/><input type=\"hidden\" name=\"_wpcf7_unit_tag\" value=\"wpcf7-f2711-o1\" \/><input type=\"hidden\" name=\"_wpcf7_container_post\" value=\"0\" \/><input type=\"hidden\" name=\"_wpcf7_posted_data_hash\" value=\"\" \/>\n<\/fieldset>\n<div class=\"row\">\n                    <div class=\"col-xl-6 col-lg-6 col-md-6\">\n                        <div class=\"input-box\">\n                          <span class=\"wpcf7-form-control-wrap\" data-name=\"Your_name\"><input size=\"40\" maxlength=\"400\" class=\"wpcf7-form-control wpcf7-text wpcf7-validates-as-required\" aria-required=\"true\" aria-invalid=\"false\" placeholder=\"Votre nom\" value=\"\" type=\"text\" name=\"Your_name\" \/><\/span>\n                        <\/div>\n                    <\/div>\n                    <div class=\"col-xl-6 col-lg-6 col-md-6\">\n                        <div class=\"input-box\">\n                            <span class=\"wpcf7-form-control-wrap\" data-name=\"Email\"><input size=\"40\" maxlength=\"400\" class=\"wpcf7-form-control wpcf7-email wpcf7-validates-as-required wpcf7-text wpcf7-validates-as-email\" aria-required=\"true\" aria-invalid=\"false\" placeholder=\"Votre email\" value=\"\" type=\"email\" name=\"Email\" \/><\/span>\n                        <\/div>\n                    <\/div>\n                <\/div>\n\n                <div class=\"row\">\n                    <div class=\"col-xl-6 col-lg-6 col-md-6\">\n                        <div class=\"input-box\">\n<span class=\"wpcf7-form-control-wrap\" data-name=\"Mobile\"><input class=\"wpcf7-form-control wpcf7-number wpcf7-validates-as-required wpcf7-validates-as-number\" aria-required=\"true\" aria-invalid=\"false\" placeholder=\"Votre pr\u00e9nom\" value=\"\" type=\"number\" name=\"Mobile\" \/><\/span>\n                        <\/div>\n                    <\/div>\n\n                    <div class=\"col-xl-6 col-lg-6 col-md-6\">\n                        <div class=\"input-box\">\n                            <span class=\"wpcf7-form-control-wrap\" data-name=\"Company\"><input size=\"40\" maxlength=\"400\" class=\"wpcf7-form-control wpcf7-text wpcf7-validates-as-required\" aria-required=\"true\" aria-invalid=\"false\" placeholder=\"Entreprise\" value=\"\" type=\"text\" name=\"Company\" \/><\/span>\n                        <\/div>\n                    <\/div>\n                <\/div>\n\n                <div class=\"row\">\n                    <div class=\"col-xl-12\">\n                        <div class=\"input-box\">\n                            <span class=\"wpcf7-form-control-wrap\" data-name=\"Messege\"><textarea cols=\"40\" rows=\"10\" maxlength=\"2000\" class=\"wpcf7-form-control wpcf7-textarea wpcf7-validates-as-required\" aria-required=\"true\" aria-invalid=\"false\" placeholder=\"Votre message\" name=\"Messege\"><\/textarea><\/span>\n                        <\/div>\n                    <\/div>\n\n                    <div class=\"col-xl-6 col-lg-6 col-md-6\">\n                        <div class=\"contact-page__form-btn\">\n                             <input class=\"wpcf7-form-control wpcf7-submit has-spinner button-style-1 secondary-white\" type=\"submit\" value=\"Envoyer un message\" \/>\n                        <\/div>\n                    <\/div>\n                <\/div><div class=\"wpcf7-response-output\" aria-hidden=\"true\"><\/div>\n<input type=\"hidden\" name=\"trp-form-language\" value=\"en\"\/><\/form>\n<\/div>\n                    <\/div>\r\n                <\/div>\r\n                \r\n    \t\t\t\t<\/div>\n\t\t\t\t<\/div>\n\t\t\t\t<\/div>\n\t\t<div class=\"elementor-element elementor-element-5e518ed e-con-full e-flex e-con e-child\" data-id=\"5e518ed\" data-element_type=\"container\" data-e-type=\"container\">\n\t\t\t\t<div class=\"elementor-element elementor-element-7a0e884 elementor-widget elementor-widget-tp-heading\" data-id=\"7a0e884\" data-element_type=\"widget\" data-e-type=\"widget\" data-widget_type=\"tp-heading.default\">\n\t\t\t\t<div class=\"elementor-widget-container\">\n\t\t\t\t\t\r\n        <div class=\"section-title tg-heading-subheading animation-style2\">\r\n        \t\t                    \t\t\t\t<h2 class=\"tg-element-title yes\">Concr\u00e9tisez vos id\u00e9es avec une tech de pointe\t\t\t<\/h2>  \r\n\t\t\t        <\/div>\r\n\r\n        \t\t\t\t<\/div>\n\t\t\t\t<\/div>\n\t\t\t\t<div class=\"elementor-element elementor-element-3fbf2e4 elementor-widget elementor-widget-techlab-text\" data-id=\"3fbf2e4\" data-element_type=\"widget\" data-e-type=\"widget\" data-widget_type=\"techlab-text.default\">\n\t\t\t\t<div class=\"elementor-widget-container\">\n\t\t\t\t\t             <div class=\"about-one__content-text\">\r\n            <p>Transformez vos id\u00e9es en solutions performantes. \nNotre expertise en d\u00e9veloppement IT, IA et Data garantit un avantage comp\u00e9titif durable \u00e0 votre entreprise.\nContactez-nous, et discutons ensemble de vos d\u00e9fis technologiques et de vos futurs besoins en ing\u00e9nierie.\t\t\t\n\t\t\t\n\t\t\t<\/p>\r\n\r\n    <\/div>\r\n             \t\t\t\t<\/div>\n\t\t\t\t<\/div>\n\t\t\t\t<div class=\"elementor-element elementor-element-c198c61 elementor-widget elementor-widget-features\" data-id=\"c198c61\" data-element_type=\"widget\" data-e-type=\"widget\" data-widget_type=\"features.default\">\n\t\t\t\t<div class=\"elementor-widget-container\">\n\t\t\t\t\t    \r\n\r\n                     \r\n             <div class=\"contact-page__contact-info\">\r\n                <ul>\r\n                                        <li>\r\n                        <div class=\"icon-box icon-box-area\">\r\n                            <span>\r\n                                <i aria-hidden=\"true\" class=\"tp techlab-icon-location2\"><\/i>                            <\/span>\r\n                        <\/div>\r\n                        <div class=\"text-box\">\r\n                                                <h3>Adresse<\/h3>\r\n                                                                        <p>La City Ivandry, Antananarivo 101<\/p>\r\n                                                <\/div>\r\n                    <\/li>\r\n                                        <li>\r\n                        <div class=\"icon-box icon-box-area\">\r\n                            <span>\r\n                                <i aria-hidden=\"true\" class=\"tp techlab-icon-mail\"><\/i>                            <\/span>\r\n                        <\/div>\r\n                        <div class=\"text-box\">\r\n                                                <h3>Courriel<\/h3>\r\n                                                                        <p>contact@valanotech.com<\/p>\r\n                                                <\/div>\r\n                    <\/li>\r\n                                        <li>\r\n                        <div class=\"icon-box icon-box-area\">\r\n                            <span>\r\n                                <i aria-hidden=\"true\" class=\"tp techlab-icon-phone\"><\/i>                            <\/span>\r\n                        <\/div>\r\n                        <div class=\"text-box\">\r\n                                                <h3>T\u00e9l\u00e9phone<\/h3>\r\n                                                                        <p> +261 038 04 956 19<\/p>\r\n                                                <\/div>\r\n                    <\/li>\r\n                                    <\/ul>\r\n            <\/div>\r\n        \r\n    \t\t\t\t<\/div>\n\t\t\t\t<\/div>\n\t\t\t\t<\/div>\n\t\t\t\t\t<\/div>\n\t\t\t\t<\/div>\n\t\t<div class=\"elementor-element elementor-element-72f2816 e-con-full e-flex e-con e-parent\" data-id=\"72f2816\" data-element_type=\"container\" data-e-type=\"container\">\n\t\t\t\t<div class=\"elementor-element elementor-element-70af0ed elementor-widget elementor-widget-html\" data-id=\"70af0ed\" data-element_type=\"widget\" data-e-type=\"widget\" data-widget_type=\"html.default\">\n\t\t\t\t\t<iframe\n    src=\"https:\/\/www.google.com\/maps?q=-18.8751716,47.5196198&hl=fr&z=17&output=embed\"\n    class=\"google-map-one__map\"\n    allowfullscreen\n loading=\"lazy\"\n    referrerpolicy=\"no-referrer-when-downgrade\">\n<\/iframe>\t\t\t\t<\/div>\n\t\t\t\t<\/div>\n\t\t\t\t<\/div>","protected":false},"excerpt":{"rendered":"<p>Parlez-nous de votre projet Concr\u00e9tisez vos id\u00e9es avec une tech de pointe Transformez vos id\u00e9es en solutions performantes. Notre expertise en d\u00e9veloppement IT, IA et Data garantit un avantage comp\u00e9titif durable \u00e0 votre entreprise. Contactez-nous, et discutons ensemble de vos d\u00e9fis technologiques et de vos futurs besoins en ing\u00e9nierie. Adresse La City Ivandry, Antananarivo 101 [&hellip;]<\/p>\n","protected":false},"author":1,"featured_media":0,"parent":0,"menu_order":0,"comment_status":"closed","ping_status":"closed","template":"elementor_header_footer","meta":{"_monsterinsights_skip_tracking":false,"_monsterinsights_sitenote_active":false,"_monsterinsights_sitenote_note":"","_monsterinsights_sitenote_category":0,"footnotes":""},"class_list":["post-2709","page","type-page","status-publish","hentry"],"aioseo_notices":[],"_links":{"self":[{"href":"https:\/\/refonte.valanotech.com\/en\/wp-json\/wp\/v2\/pages\/2709","targetHints":{"allow":["GET"]}}],"collection":[{"href":"https:\/\/refonte.valanotech.com\/en\/wp-json\/wp\/v2\/pages"}],"about":[{"href":"https:\/\/refonte.valanotech.com\/en\/wp-json\/wp\/v2\/types\/page"}],"author":[{"embeddable":true,"href":"https:\/\/refonte.valanotech.com\/en\/wp-json\/wp\/v2\/users\/1"}],"replies":[{"embeddable":true,"href":"https:\/\/refonte.valanotech.com\/en\/wp-json\/wp\/v2\/comments?post=2709"}],"version-history":[{"count":12,"href":"https:\/\/refonte.valanotech.com\/en\/wp-json\/wp\/v2\/pages\/2709\/revisions"}],"predecessor-version":[{"id":5444,"href":"https:\/\/refonte.valanotech.com\/en\/wp-json\/wp\/v2\/pages\/2709\/revisions\/5444"}],"wp:attachment":[{"href":"https:\/\/refonte.valanotech.com\/en\/wp-json\/wp\/v2\/media?parent=2709"}],"curies":[{"name":"wp","href":"https:\/\/api.w.org\/{rel}","templated":true}]}}